{"id":65,"date":"2020-04-02T07:59:31","date_gmt":"2020-04-02T07:59:31","guid":{"rendered":"https:\/\/malerfachbetrieb-gruhl.de\/?page_id=65"},"modified":"2024-12-20T21:59:46","modified_gmt":"2024-12-20T21:59:46","slug":"kontakt","status":"publish","type":"page","link":"https:\/\/malerfachbetrieb-gruhl.de\/index.php\/kontakt\/","title":{"rendered":"Kontakt"},"content":{"rendered":"\n<p style=\"font-size:18px\"><strong>Sie erreichen uns tags\u00fcber unter:<\/strong><\/p>\n\n\n\n<p><\/p>\n\n\n\n<div class=\"wp-block-columns is-layout-flex wp-container-core-columns-is-layout-1 wp-block-columns-is-layout-flex\">\n<div class=\"wp-block-column is-layout-flow wp-block-column-is-layout-flow\" style=\"flex-basis:10.22%\">\n<figure class=\"wp-block-image size-full is-resized\"><img loading=\"lazy\" decoding=\"async\" width=\"74\" height=\"130\" src=\"https:\/\/malerfachbetrieb-gruhl.de\/wp-content\/uploads\/2019\/01\/logo.gif\" alt=\"Maler Gruhl\" class=\"wp-image-5\" style=\"width:46px;height:auto\"\/><\/figure>\n<\/div>\n\n\n\n<div class=\"wp-block-column is-layout-flow wp-block-column-is-layout-flow\" style=\"flex-basis:25%\">\n<p style=\"font-size:18px\">Thomas Gruhl<br>Malerfachbetrieb Gruhl<br>Waldshuterstra\u00dfe 2<br>79790 K\u00fcssaberg-Ettikon<\/p>\n<\/div>\n\n\n\n<div class=\"wp-block-column is-layout-flow wp-block-column-is-layout-flow\" style=\"flex-basis:33.33%\">\n<p style=\"font-size:18px\">Telefon: +49 7741 684600<br>Fax: +49 7741 684664<br>Mobil: +49 171 8388809<br>E-Mail: <a href=\"mailto:maler.gruhl@gmail.com\">maler.gruhl@gmail.com<\/a><\/p>\n<\/div>\n<\/div>\n\n\n\n<p><\/p>\n","protected":false},"excerpt":{"rendered":"<p>Sie erreichen uns tags\u00fcber unter: Thomas GruhlMalerfachbetrieb GruhlWaldshuterstra\u00dfe 279790 K\u00fcssaberg-Ettikon Telefon: +49 7741 684600Fax: +49 7741 684664Mobil: +49 171 8388809E-Mail: maler.gruhl@gmail.com<\/p>\n","protected":false},"author":1,"featured_media":0,"parent":0,"menu_order":0,"comment_status":"closed","ping_status":"closed","template":"","meta":{"footnotes":""},"class_list":["post-65","page","type-page","status-publish","hentry"],"_links":{"self":[{"href":"https:\/\/malerfachbetrieb-gruhl.de\/index.php\/wp-json\/wp\/v2\/pages\/65","targetHints":{"allow":["GET"]}}],"collection":[{"href":"https:\/\/malerfachbetrieb-gruhl.de\/index.php\/wp-json\/wp\/v2\/pages"}],"about":[{"href":"https:\/\/malerfachbetrieb-gruhl.de\/index.php\/wp-json\/wp\/v2\/types\/page"}],"author":[{"embeddable":true,"href":"https:\/\/malerfachbetrieb-gruhl.de\/index.php\/wp-json\/wp\/v2\/users\/1"}],"replies":[{"embeddable":true,"href":"https:\/\/malerfachbetrieb-gruhl.de\/index.php\/wp-json\/wp\/v2\/comments?post=65"}],"version-history":[{"count":16,"href":"https:\/\/malerfachbetrieb-gruhl.de\/index.php\/wp-json\/wp\/v2\/pages\/65\/revisions"}],"predecessor-version":[{"id":386,"href":"https:\/\/malerfachbetrieb-gruhl.de\/index.php\/wp-json\/wp\/v2\/pages\/65\/revisions\/386"}],"wp:attachment":[{"href":"https:\/\/malerfachbetrieb-gruhl.de\/index.php\/wp-json\/wp\/v2\/media?parent=65"}],"curies":[{"name":"wp","href":"https:\/\/api.w.org\/{rel}","templated":true}]}}