{"id":245,"date":"2020-04-09T16:09:29","date_gmt":"2020-04-09T16:09:29","guid":{"rendered":"https:\/\/malerfachbetrieb-gruhl.de\/?page_id=245"},"modified":"2020-05-18T19:06:18","modified_gmt":"2020-05-18T19:06:18","slug":"geschichte","status":"publish","type":"page","link":"https:\/\/malerfachbetrieb-gruhl.de\/index.php\/geschichte\/","title":{"rendered":"25 Jahre Malerfachbetrieb Gruhl"},"content":{"rendered":"\n<p>Seit diesem Jahr(2020) besteht unser Betrieb ein Viertel Jahrhundert.<br>Es begann mit dem Sprung ins kalte Wasser unmittelbar nach der bestandenen Meisterpr\u00fcfung im Fr\u00fchjahr 1995 des Gr\u00fcnders Thomas Gruhl. In den vergangenen Jahren wurden 6 Lehrlinge im Betrieb ausgebildet und einige Gesellen \u00fcber viele Jahre besch\u00e4ftigt.<\/p>\n\n\n\n<p><br>In 25 Jahren haben wir einen gro\u00dfen Kundenkreis mit unseren Leistungen \u00fcberzeugen k\u00f6nnen.<br>Wir f\u00fchlen uns nach wie vor dem optimalem Ergebnis unserer Arbeit verpflichtet.<br>Die hohe Anzahl der Stammkunden best\u00e4rkt uns auf diesem Weg.<\/p>\n\n\n\n<p><br>Unser Arbeitskreis erstreckt sich weit \u00fcber den Landkreis Waldshut und die grenznahe Schweiz hinaus.<br>So arbeiteten wir an Innen und Au\u00dfensanierungen von Villen, Bauernh\u00e4user, Reihen, Doppel und Einfamilienh\u00e4usern in Freiburg, Stuttgart, Basel, Z\u00fcrich Kiel etc.<\/p>\n\n\n\n<p><br>Um unser Gesch\u00e4ft weiterhin erfolgreich f\u00fchren zu k\u00f6nnen sind wir bestrebt unser Wissen und K\u00f6nnen st\u00e4ndig zu verbessern und zu aktualisieren.<\/p>\n\n\n\n<p><br>Eine gro\u00dfe St\u00fctze des Betriebes ist Robin Gruhl, der bereits mit 22 Jahren nach der Lehrzeit im elterlichen Betrieb die Meisterpr\u00fcfung im Maler u. Lackiererhandwerk mit Erfolg ablegte. (Meisterpr\u00fcfung 2016)<\/p>\n\n\n\n<p><br>Unverzichtbar ist auch Ehefrau Barbara Gruhl die im Hintergrund mit viel Einsatz die b\u00fcrokratischen Strippen zieht.<\/p>\n\n\n\n<p><br>So werden jugendlicher Schwung und Jahrzehnte Erfahrung im Einklang zu besten Leistungen verbunden. Da ziehen alle mit Spa\u00df und Freude am gleichen Strang.<\/p>\n\n\n\n<p><br>In 25 Jahren wurden unz\u00e4hlige Projekte verwirklicht.<br>Eine kleine Auswahl gibt es auf unserer Homepage unter der Rubrik <a href=\"https:\/\/malerfachbetrieb-gruhl.de\/index.php\/referenzobjekte\/\">Refenzobjekte<\/a>.<\/p>\n\n\n\n<p><br>Heute besteht unser Team als reines Familienunternehmen.<\/p>\n\n\n\n<p><br>Wir w\u00fcrden uns freuen auch f\u00fcr Sie arbeiten zu d\u00fcrfen.<br><\/p>\n\n\n\n<p><em>Ihr Malerteam Gruhl<\/em><\/p>\n","protected":false},"excerpt":{"rendered":"<p>Seit diesem Jahr(2020) besteht unser Betrieb ein Viertel Jahrhundert.Es begann mit dem Sprung ins kalte Wasser unmittelbar nach der bestandenen Meisterpr\u00fcfung im Fr\u00fchjahr 1995 des Gr\u00fcnders Thomas Gruhl. In den vergangenen Jahren wurden 6 Lehrlinge im Betrieb ausgebildet und einige Gesellen \u00fcber viele Jahre besch\u00e4ftigt. In 25 Jahren haben wir&#8230;<\/p>\n","protected":false},"author":1,"featured_media":0,"parent":0,"menu_order":0,"comment_status":"closed","ping_status":"closed","template":"","meta":{"footnotes":""},"class_list":["post-245","page","type-page","status-publish","hentry"],"_links":{"self":[{"href":"https:\/\/malerfachbetrieb-gruhl.de\/index.php\/wp-json\/wp\/v2\/pages\/245","targetHints":{"allow":["GET"]}}],"collection":[{"href":"https:\/\/malerfachbetrieb-gruhl.de\/index.php\/wp-json\/wp\/v2\/pages"}],"about":[{"href":"https:\/\/malerfachbetrieb-gruhl.de\/index.php\/wp-json\/wp\/v2\/types\/page"}],"author":[{"embeddable":true,"href":"https:\/\/malerfachbetrieb-gruhl.de\/index.php\/wp-json\/wp\/v2\/users\/1"}],"replies":[{"embeddable":true,"href":"https:\/\/malerfachbetrieb-gruhl.de\/index.php\/wp-json\/wp\/v2\/comments?post=245"}],"version-history":[{"count":9,"href":"https:\/\/malerfachbetrieb-gruhl.de\/index.php\/wp-json\/wp\/v2\/pages\/245\/revisions"}],"predecessor-version":[{"id":330,"href":"https:\/\/malerfachbetrieb-gruhl.de\/index.php\/wp-json\/wp\/v2\/pages\/245\/revisions\/330"}],"wp:attachment":[{"href":"https:\/\/malerfachbetrieb-gruhl.de\/index.php\/wp-json\/wp\/v2\/media?parent=245"}],"curies":[{"name":"wp","href":"https:\/\/api.w.org\/{rel}","templated":true}]}}